{"id":31,"date":"2026-03-03T11:04:10","date_gmt":"2026-03-03T11:04:10","guid":{"rendered":"https:\/\/florhavedesign.dk\/?page_id=31"},"modified":"2026-03-05T22:31:59","modified_gmt":"2026-03-05T22:31:59","slug":"om","status":"publish","type":"page","link":"https:\/\/florhavedesign.dk\/?page_id=31","title":{"rendered":""},"content":{"rendered":"\n<div class=\"wp-block-group has-background\" style=\"background-color:#0000003b\"><div class=\"wp-block-group__inner-container is-layout-constrained wp-block-group-is-layout-constrained\">\n<div class=\"wp-block-columns is-layout-flex wp-container-core-columns-is-layout-9d6595d7 wp-block-columns-is-layout-flex\">\n<div class=\"wp-block-column is-layout-flow wp-block-column-is-layout-flow\" style=\"flex-basis:66.66%\">\n<h2 class=\"wp-block-heading has-text-color has-link-color wp-elements-270e0977ca4d8585cee577b3b3293868\" style=\"color:#a3d88c;font-size:23px\">Om<\/h2>\n\n\n\n<p class=\"has-white-color has-text-color has-link-color has-medium-font-size wp-elements-eb598b2e215721f6262b2a1509419e46\">Mit navn er Kenni Andersen<br>Jeg er uddannet anl\u00e6gsgartner og bygningskonstrukt\u00f8r <br>og har efterh\u00e5nden mere end 14 \u00e5rs erfaring i have-, &amp; anl\u00e6gsbranchen. <br><br>Gennem \u00e5rene har jeg arbejdet med og tilegnet mig en masse erfaring indenfor alt fra klassisk anl\u00e6gsarbejde til havedesign og r\u00e5dgivning for b\u00e5de private og erhverv.<br><br>Min faglige baggrund giver mig en solid forst\u00e5else for b\u00e5de det \u00e6stetiske, det tekniske og det praktiske \u2013 og hvordan de tre elementer skal spille sammen for at skabe en velfungerende og holdbar have.<\/p>\n<\/div>\n\n\n\n<div class=\"wp-block-column is-layout-flow wp-block-column-is-layout-flow\" style=\"flex-basis:33.33%\">\n<figure class=\"wp-block-image size-full\"><img loading=\"lazy\" decoding=\"async\" width=\"1024\" height=\"1024\" src=\"https:\/\/florhavedesign.dk\/wp-content\/uploads\/2026\/03\/ChatGPT-Image-23.-feb.-2026-16.32.22.png\" alt=\"\" class=\"wp-image-88\" srcset=\"https:\/\/florhavedesign.dk\/wp-content\/uploads\/2026\/03\/ChatGPT-Image-23.-feb.-2026-16.32.22.png 1024w, https:\/\/florhavedesign.dk\/wp-content\/uploads\/2026\/03\/ChatGPT-Image-23.-feb.-2026-16.32.22-300x300.png 300w, https:\/\/florhavedesign.dk\/wp-content\/uploads\/2026\/03\/ChatGPT-Image-23.-feb.-2026-16.32.22-150x150.png 150w, https:\/\/florhavedesign.dk\/wp-content\/uploads\/2026\/03\/ChatGPT-Image-23.-feb.-2026-16.32.22-768x768.png 768w, https:\/\/florhavedesign.dk\/wp-content\/uploads\/2026\/03\/ChatGPT-Image-23.-feb.-2026-16.32.22-1x1.png 1w\" sizes=\"auto, (max-width: 1024px) 100vw, 1024px\" \/><\/figure>\n<\/div>\n<\/div>\n<\/div><\/div>\n","protected":false},"excerpt":{"rendered":"<p>Om Mit navn er Kenni AndersenJeg er uddannet anl\u00e6gsgartner og bygningskonstrukt\u00f8r og har efterh\u00e5nden mere end 14 \u00e5rs erfaring i have-, &amp; anl\u00e6gsbranchen. Gennem \u00e5rene har jeg arbejdet med og tilegnet mig en masse erfaring indenfor alt fra klassisk anl\u00e6gsarbejde til havedesign og r\u00e5dgivning for b\u00e5de private og erhverv. Min faglige baggrund giver mig en [&hellip;]<\/p>\n","protected":false},"author":1,"featured_media":0,"parent":0,"menu_order":0,"comment_status":"closed","ping_status":"closed","template":"","meta":{"footnotes":""},"class_list":["post-31","page","type-page","status-publish","hentry"],"_links":{"self":[{"href":"https:\/\/florhavedesign.dk\/index.php?rest_route=\/wp\/v2\/pages\/31","targetHints":{"allow":["GET"]}}],"collection":[{"href":"https:\/\/florhavedesign.dk\/index.php?rest_route=\/wp\/v2\/pages"}],"about":[{"href":"https:\/\/florhavedesign.dk\/index.php?rest_route=\/wp\/v2\/types\/page"}],"author":[{"embeddable":true,"href":"https:\/\/florhavedesign.dk\/index.php?rest_route=\/wp\/v2\/users\/1"}],"replies":[{"embeddable":true,"href":"https:\/\/florhavedesign.dk\/index.php?rest_route=%2Fwp%2Fv2%2Fcomments&post=31"}],"version-history":[{"count":22,"href":"https:\/\/florhavedesign.dk\/index.php?rest_route=\/wp\/v2\/pages\/31\/revisions"}],"predecessor-version":[{"id":307,"href":"https:\/\/florhavedesign.dk\/index.php?rest_route=\/wp\/v2\/pages\/31\/revisions\/307"}],"wp:attachment":[{"href":"https:\/\/florhavedesign.dk\/index.php?rest_route=%2Fwp%2Fv2%2Fmedia&parent=31"}],"curies":[{"name":"wp","href":"https:\/\/api.w.org\/{rel}","templated":true}]}}