{"id":30,"date":"2026-03-03T11:04:10","date_gmt":"2026-03-03T11:04:10","guid":{"rendered":"https:\/\/florhavedesign.dk\/?page_id=30"},"modified":"2026-03-05T19:52:27","modified_gmt":"2026-03-05T19:52:27","slug":"kontakt","status":"publish","type":"page","link":"https:\/\/florhavedesign.dk\/?page_id=30","title":{"rendered":""},"content":{"rendered":"\n<div class=\"wp-block-group has-background\" style=\"background-color:#0000003b\"><div class=\"wp-block-group__inner-container is-layout-constrained wp-block-group-is-layout-constrained\">\n<p class=\"has-text-color has-link-color wp-elements-37ea2e8a78ca2b35a06016076fd4068e\" style=\"color:#a3d88c;font-size:23px\"><strong>Kontakt<\/strong><\/p>\n\n\n\n<div class=\"wp-block-columns is-layout-flex wp-container-core-columns-is-layout-9d6595d7 wp-block-columns-is-layout-flex\">\n<div class=\"wp-block-column is-layout-flow wp-block-column-is-layout-flow\">\n<p class=\"has-white-color has-text-color has-link-color wp-elements-1a8f1816c05bdc29b15370b0f42a70bd\" style=\"font-size:18px\">Er du interesseret i at h\u00f8re mere om, hvad jeg kan hj\u00e6lpe dig med?<\/p>\n\n\n\n<p class=\"has-white-color has-text-color has-link-color wp-elements-2d18f48728cfd1d11a3339b65cae38aa\" style=\"font-size:18px\">Du kan bruge kontaktformularen eller tage kontakt direkte p\u00e5 telefon og mail.<br><br><mark style=\"background-color:rgba(0, 0, 0, 0);color:#a3d88c\" class=\"has-inline-color\">Foresp\u00f8rgsel:<\/mark> <a href=\"mailto:florhavedesign@gmail.com\">florhavedesign@gmail.com<\/a><br><br><mark style=\"background-color:rgba(0, 0, 0, 0);color:#a3d88c\" class=\"has-inline-color\">Telefon:<\/mark> 22566972<br><br><mark style=\"background-color:rgba(0, 0, 0, 0);color:#a3d88c\" class=\"has-inline-color\">Beliggenhed:<\/mark> Tulipanhaven 296, 8200 Aarhus N<br><br><mark style=\"background-color:rgba(0, 0, 0, 0);color:#a3d88c\" class=\"has-inline-color\">CVR-nummer:<\/mark> 45894576<\/p>\n<\/div>\n\n\n\n<div class=\"wp-block-column is-layout-flow wp-block-column-is-layout-flow\">\n<div class=\"wpcf7 no-js\" id=\"wpcf7-f267-o1\" lang=\"da-DK\" dir=\"ltr\" data-wpcf7-id=\"267\">\n<div class=\"screen-reader-response\"><p role=\"status\" aria-live=\"polite\" aria-atomic=\"true\"><\/p> <ul><\/ul><\/div>\n<form action=\"\/index.php?rest_route=%2Fwp%2Fv2%2Fpages%2F30#wpcf7-f267-o1\" method=\"post\" class=\"wpcf7-form init\" aria-label=\"Kontaktformular\" novalidate=\"novalidate\" data-status=\"init\">\n<fieldset class=\"hidden-fields-container\"><input type=\"hidden\" name=\"_wpcf7\" value=\"267\" \/><input type=\"hidden\" name=\"_wpcf7_version\" value=\"6.1.5\" \/><input type=\"hidden\" name=\"_wpcf7_locale\" value=\"da_DK\" \/><input type=\"hidden\" name=\"_wpcf7_unit_tag\" value=\"wpcf7-f267-o1\" \/><input type=\"hidden\" name=\"_wpcf7_container_post\" value=\"0\" \/><input type=\"hidden\" name=\"_wpcf7_posted_data_hash\" value=\"\" \/>\n<\/fieldset>\n<p><label>\n\t\t<font color=\"white\">Dit navn\n\t\t<\/font><br \/>\n<span class=\"wpcf7-form-control-wrap\" data-name=\"your-name\"><input size=\"40\" maxlength=\"400\" class=\"wpcf7-form-control wpcf7-text wpcf7-validates-as-required\" autocomplete=\"name\" aria-required=\"true\" aria-invalid=\"false\" value=\"\" type=\"text\" name=\"your-name\" \/><\/span> <\/label>\n<\/p>\n<p><label>\n\t\t<font color=\"white\">Din e-mail\n\t\t<\/font><br \/>\n<span class=\"wpcf7-form-control-wrap\" data-name=\"your-email\"><input size=\"40\" maxlength=\"400\" class=\"wpcf7-form-control wpcf7-email wpcf7-validates-as-required wpcf7-text wpcf7-validates-as-email\" autocomplete=\"email\" aria-required=\"true\" aria-invalid=\"false\" value=\"\" type=\"email\" name=\"your-email\" \/><\/span> <\/label>\n<\/p>\n<p><label>\n\t\t<font color=\"white\">Emne\n\t\t<\/font><br \/>\n<span class=\"wpcf7-form-control-wrap\" data-name=\"your-subject\"><input size=\"40\" maxlength=\"400\" class=\"wpcf7-form-control wpcf7-text wpcf7-validates-as-required\" aria-required=\"true\" aria-invalid=\"false\" value=\"\" type=\"text\" name=\"your-subject\" \/><\/span> <\/label>\n<\/p>\n<p><label>\n\t\t<font color=\"white\">Din besked\n\t\t<\/font><br \/>\n<span class=\"wpcf7-form-control-wrap\" data-name=\"your-message\"><textarea cols=\"40\" rows=\"10\" maxlength=\"2000\" class=\"wpcf7-form-control wpcf7-textarea\" aria-invalid=\"false\" name=\"your-message\"><\/textarea><\/span> <\/label>\n<\/p>\n<p><input class=\"wpcf7-form-control wpcf7-submit has-spinner\" type=\"submit\" value=\"Send\" \/>\n<\/p><p style=\"display: none !important;\" class=\"akismet-fields-container\" data-prefix=\"_wpcf7_ak_\"><label>&#916;<textarea name=\"_wpcf7_ak_hp_textarea\" cols=\"45\" rows=\"8\" maxlength=\"100\"><\/textarea><\/label><input type=\"hidden\" id=\"ak_js_1\" name=\"_wpcf7_ak_js\" value=\"133\"\/><script type=\"text\/javascript\">\n\/* <![CDATA[ *\/\ndocument.getElementById( \"ak_js_1\" ).setAttribute( \"value\", ( new Date() ).getTime() );\n\/* ]]> *\/\n<\/script>\n<\/p><div class=\"wpcf7-response-output\" aria-hidden=\"true\"><\/div>\n<\/form>\n<\/div>\n\n<\/div>\n<\/div>\n<\/div><\/div>\n\n\n\n<p><\/p>\n","protected":false},"excerpt":{"rendered":"<p>Kontakt Er du interesseret i at h\u00f8re mere om, hvad jeg kan hj\u00e6lpe dig med? Du kan bruge kontaktformularen eller tage kontakt direkte p\u00e5 telefon og mail. Foresp\u00f8rgsel: florhavedesign@gmail.com Telefon: 22566972 Beliggenhed: Tulipanhaven 296, 8200 Aarhus N CVR-nummer: 45894576<\/p>\n","protected":false},"author":1,"featured_media":114,"parent":0,"menu_order":0,"comment_status":"closed","ping_status":"closed","template":"full-width.php","meta":{"footnotes":""},"class_list":["post-30","page","type-page","status-publish","has-post-thumbnail","hentry"],"_links":{"self":[{"href":"https:\/\/florhavedesign.dk\/index.php?rest_route=\/wp\/v2\/pages\/30","targetHints":{"allow":["GET"]}}],"collection":[{"href":"https:\/\/florhavedesign.dk\/index.php?rest_route=\/wp\/v2\/pages"}],"about":[{"href":"https:\/\/florhavedesign.dk\/index.php?rest_route=\/wp\/v2\/types\/page"}],"author":[{"embeddable":true,"href":"https:\/\/florhavedesign.dk\/index.php?rest_route=\/wp\/v2\/users\/1"}],"replies":[{"embeddable":true,"href":"https:\/\/florhavedesign.dk\/index.php?rest_route=%2Fwp%2Fv2%2Fcomments&post=30"}],"version-history":[{"count":34,"href":"https:\/\/florhavedesign.dk\/index.php?rest_route=\/wp\/v2\/pages\/30\/revisions"}],"predecessor-version":[{"id":297,"href":"https:\/\/florhavedesign.dk\/index.php?rest_route=\/wp\/v2\/pages\/30\/revisions\/297"}],"wp:featuredmedia":[{"embeddable":true,"href":"https:\/\/florhavedesign.dk\/index.php?rest_route=\/wp\/v2\/media\/114"}],"wp:attachment":[{"href":"https:\/\/florhavedesign.dk\/index.php?rest_route=%2Fwp%2Fv2%2Fmedia&parent=30"}],"curies":[{"name":"wp","href":"https:\/\/api.w.org\/{rel}","templated":true}]}}