{"id":29,"date":"2026-03-03T11:04:10","date_gmt":"2026-03-03T11:04:10","guid":{"rendered":"https:\/\/florhavedesign.dk\/?page_id=29"},"modified":"2026-03-08T12:54:59","modified_gmt":"2026-03-08T12:54:59","slug":"priser-2","status":"publish","type":"page","link":"https:\/\/florhavedesign.dk\/?page_id=29","title":{"rendered":""},"content":{"rendered":"\n<div class=\"wp-block-group has-background\" style=\"background-color:#0000003b\"><div class=\"wp-block-group__inner-container is-layout-constrained wp-block-group-is-layout-constrained\">\n<div class=\"wp-block-group\"><div class=\"wp-block-group__inner-container is-layout-constrained wp-block-group-is-layout-constrained\">\n<div class=\"wp-block-group\"><div class=\"wp-block-group__inner-container is-layout-constrained wp-block-group-is-layout-constrained\">\n<div class=\"wp-block-columns is-layout-flex wp-container-core-columns-is-layout-9d6595d7 wp-block-columns-is-layout-flex\">\n<div class=\"wp-block-column is-layout-flow wp-block-column-is-layout-flow\" style=\"font-size:18px\">\n<h3 class=\"wp-block-heading has-text-color has-link-color wp-elements-01cb2edcb558342fecbd951ced231e78\" style=\"color:#a3d88c;font-size:23px\">Havebes\u00f8g<\/h3>\n\n\n\n<p class=\"has-white-color has-text-color has-link-color has-medium-font-size wp-elements-06367b509fdf0b640604a2ad87f8633e\">&#8211; Bes\u00f8g i 2 timer <em>(+evt. k\u00f8rsel*)<\/em><br>&#8211; Sparring og vejledning<br><mark style=\"background-color:rgba(0, 0, 0, 0);color:#a3d88c\" class=\"has-inline-color\"><strong><em>Pris 1499,-<\/em><\/strong><\/mark><br><sub><em>Derefter: 350,- pr. p\u00e5begyndte <br>\u00bd time<\/em><\/sub><\/p>\n<\/div>\n\n\n\n<div class=\"wp-block-column is-layout-flow wp-block-column-is-layout-flow\" style=\"font-size:18px\">\n<h3 class=\"wp-block-heading has-text-color has-link-color wp-elements-f969deef68cfe712a414445040537d1c\" style=\"color:#a3d88c;font-size:23px\">Id\u00e9-skitse<\/h3>\n\n\n\n<p class=\"has-white-color has-text-color has-link-color has-medium-font-size wp-elements-557f4777b3921c0fdf80f28d3729fd7d\">&#8211; Havebes\u00f8g<br>&#8211; H\u00e5ndtegnet id\u00e9-skitse<br><mark style=\"background-color:rgba(0, 0, 0, 0);color:#a3d88c\" class=\"has-inline-color\"><em><strong>Pris fra 3499,-<\/strong><\/em><\/mark><\/p>\n<\/div>\n\n\n\n<div class=\"wp-block-column is-layout-flow wp-block-column-is-layout-flow\" style=\"font-size:18px\">\n<h3 class=\"wp-block-heading has-text-color has-link-color wp-elements-a78b9ddd0ecd37dd6cbbd4fa243397f5\" style=\"color:#a3d88c;font-size:23px\">Komplet havedesign<\/h3>\n\n\n\n<p class=\"has-white-color has-text-color has-link-color has-medium-font-size wp-elements-befe35baa89a9d5f7991236304828d3e\">&#8211; Havebes\u00f8g<br>&#8211; Plantegning i A3 og A4<br>&#8211; Planteplan i A3 og A4<br>&#8211; Planteliste m. billeder<br><mark style=\"background-color:rgba(0, 0, 0, 0);color:#a3d88c\" class=\"has-inline-color\"><em><strong>Pris fra 8499,-<\/strong><\/em><\/mark><\/p>\n<\/div>\n<\/div>\n<\/div><\/div>\n\n\n\n<div class=\"wp-block-columns is-layout-flex wp-container-core-columns-is-layout-9d6595d7 wp-block-columns-is-layout-flex\">\n<div class=\"wp-block-column is-vertically-aligned-stretch has-white-color has-text-color has-link-color wp-elements-8fc42044cd8a49454929bba1056dc973 is-layout-flow wp-block-column-is-layout-flow\">\n<div class=\"wp-block-group\"><div class=\"wp-block-group__inner-container is-layout-constrained wp-block-group-is-layout-constrained\">\n<div class=\"wp-block-group\"><div class=\"wp-block-group__inner-container is-layout-constrained wp-block-group-is-layout-constrained\">\n<h3 class=\"wp-block-heading has-text-color has-link-color wp-elements-311ed601e99cb9099c9ea12fc8d83a9c\" style=\"color:#a3d88c;font-size:23px\">Pleje &amp; vedligeholdelsesplan<\/h3>\n<\/div><\/div>\n<\/div><\/div>\n\n\n\n<p class=\"has-white-color has-text-color has-link-color has-medium-font-size wp-elements-b6c96a3a88d916ffaa932305c9c1f284\">&#8211; Et kompendium m. billeder af planter og bede fra din egen have<br>m. beskrivelser af hvordan disse plejes og vedligeholdes \u00e5ret rundt.<br><strong><em><mark style=\"background-color:rgba(0, 0, 0, 0);color:#a3d88c\" class=\"has-inline-color\">Pris fra 5499,-<\/mark><\/em><\/strong><\/p>\n<\/div>\n<\/div>\n<\/div><\/div>\n<\/div><\/div>\n\n\n\n<div class=\"wp-block-group has-background\" style=\"background-color:#0000003b\"><div class=\"wp-block-group__inner-container is-layout-constrained wp-block-group-is-layout-constrained\">\n<div class=\"wp-block-group\"><div class=\"wp-block-group__inner-container is-layout-constrained wp-block-group-is-layout-constrained\">\n<div class=\"wp-block-group\"><div class=\"wp-block-group__inner-container is-layout-constrained wp-block-group-is-layout-constrained\">\n<div class=\"wp-block-group is-vertical is-layout-flex wp-container-core-group-is-layout-8cf370e7 wp-block-group-is-layout-flex\">\n<div class=\"wp-block-group\"><div class=\"wp-block-group__inner-container is-layout-constrained wp-block-group-is-layout-constrained\">\n<p class=\"has-white-color has-text-color has-link-color wp-elements-041888c952458a442c1763dc8edef70a\">*<em>Hvis k\u00f8rsel er mere end 35 km. fra Aarhus N<\/em>.<br><em>Priser kan variere efter havens kompleksitet og st\u00f8rrelse.<\/em><br><em>Kontakt for uforpligtende snak og prisoverslag<\/em>.<\/p>\n<\/div><\/div>\n<\/div>\n<\/div><\/div>\n<\/div><\/div>\n<\/div><\/div>\n\n\n\n<p><\/p>\n","protected":false},"excerpt":{"rendered":"<p>Havebes\u00f8g &#8211; Bes\u00f8g i 2 timer (+evt. k\u00f8rsel*)&#8211; Sparring og vejledningPris 1499,-Derefter: 350,- pr. p\u00e5begyndte \u00bd time Id\u00e9-skitse &#8211; Havebes\u00f8g&#8211; H\u00e5ndtegnet id\u00e9-skitsePris fra 3499,- Komplet havedesign &#8211; Havebes\u00f8g&#8211; Plantegning i A3 og A4&#8211; Planteplan i A3 og A4&#8211; Planteliste m. billederPris fra 8499,- Pleje &amp; vedligeholdelsesplan &#8211; Et kompendium m. billeder af planter og bede [&hellip;]<\/p>\n","protected":false},"author":1,"featured_media":0,"parent":0,"menu_order":0,"comment_status":"closed","ping_status":"closed","template":"","meta":{"footnotes":""},"class_list":["post-29","page","type-page","status-publish","hentry"],"_links":{"self":[{"href":"https:\/\/florhavedesign.dk\/index.php?rest_route=\/wp\/v2\/pages\/29","targetHints":{"allow":["GET"]}}],"collection":[{"href":"https:\/\/florhavedesign.dk\/index.php?rest_route=\/wp\/v2\/pages"}],"about":[{"href":"https:\/\/florhavedesign.dk\/index.php?rest_route=\/wp\/v2\/types\/page"}],"author":[{"embeddable":true,"href":"https:\/\/florhavedesign.dk\/index.php?rest_route=\/wp\/v2\/users\/1"}],"replies":[{"embeddable":true,"href":"https:\/\/florhavedesign.dk\/index.php?rest_route=%2Fwp%2Fv2%2Fcomments&post=29"}],"version-history":[{"count":55,"href":"https:\/\/florhavedesign.dk\/index.php?rest_route=\/wp\/v2\/pages\/29\/revisions"}],"predecessor-version":[{"id":310,"href":"https:\/\/florhavedesign.dk\/index.php?rest_route=\/wp\/v2\/pages\/29\/revisions\/310"}],"wp:attachment":[{"href":"https:\/\/florhavedesign.dk\/index.php?rest_route=%2Fwp%2Fv2%2Fmedia&parent=29"}],"curies":[{"name":"wp","href":"https:\/\/api.w.org\/{rel}","templated":true}]}}