{"id":28,"date":"2026-03-03T11:04:10","date_gmt":"2026-03-03T11:04:10","guid":{"rendered":"https:\/\/florhavedesign.dk\/?page_id=28"},"modified":"2026-03-09T19:02:44","modified_gmt":"2026-03-09T19:02:44","slug":"priser","status":"publish","type":"page","link":"https:\/\/florhavedesign.dk\/?page_id=28","title":{"rendered":""},"content":{"rendered":"\n<div class=\"wp-block-group has-background\" style=\"background-color:#0000003b\"><div class=\"wp-block-group__inner-container is-layout-constrained wp-block-group-is-layout-constrained\">\n<div class=\"wp-block-group\"><div class=\"wp-block-group__inner-container is-layout-constrained wp-block-group-is-layout-constrained\">\n<div class=\"wp-block-group\"><div class=\"wp-block-group__inner-container is-layout-constrained wp-block-group-is-layout-constrained\">\n<h3 class=\"wp-block-heading has-text-color has-link-color wp-elements-bdc4be96d447261cb6069beeacd94d65\" style=\"color:#a3d88c;font-size:30px\">Dr\u00f8mmehaven \u2013 fra id\u00e9 til virkelighed<\/h3>\n<\/div><\/div>\n<\/div><\/div>\n\n\n\n<div class=\"wp-block-group\"><div class=\"wp-block-group__inner-container is-layout-constrained wp-block-group-is-layout-constrained\">\n<p class=\"has-white-color has-text-color has-link-color wp-elements-b3fe43508c832f75b66bd5a33b15d5a5\" style=\"font-size:17px\">Florhave Design hj\u00e6lper dig med at designe og realisere din dr\u00f8mmehave \u2013 uanset om du st\u00e5r overfor at skulle anl\u00e6gge en helt ny have eller \u00f8nsker at forny og optimere en eksisterende.<br><br>Med et professionelt og kreativt blik oms\u00e6ttes dine \u00f8nsker og behov til en gennemt\u00e6nkt havel\u00f8sning, hvor funktion, stemning og helhed g\u00e5r h\u00e5nd i h\u00e5nd. Du f\u00e5r kvalificeret r\u00e5dgivning, faglig sparring og inspirerende input, s\u00e5 resultatet bliver en have, der passer til b\u00e5de boligen, omgivelserne og din hverdag.<br><br>Fra de f\u00f8rste id\u00e9er til den endelige plan er du sikret en gennemarbejdet og personlig l\u00f8sning, der danner rammen om udelivet i mange \u00e5r frem.<\/p>\n<\/div><\/div>\n\n\n\n<div class=\"wp-block-group\"><div class=\"wp-block-group__inner-container is-layout-constrained wp-block-group-is-layout-constrained\">\n<h3 class=\"wp-block-heading has-text-color has-link-color wp-elements-a88387ddf348c8b19e67711ce1926f44\" style=\"color:#a3d88c;font-size:30px\">Vil du vide hvad der gror i din have? &#8211; F\u00e5 overblik over havens eksisterende planteliv<\/h3>\n<\/div><\/div>\n\n\n\n<div class=\"wp-block-group\"><div class=\"wp-block-group__inner-container is-layout-constrained wp-block-group-is-layout-constrained\">\n<p class=\"has-white-color has-text-color has-link-color wp-elements-7f0d82f0d12cfa0f2b5dec0483726b0e\" style=\"font-size:17px\">Har du overtaget en have i forbindelse med husk\u00f8b og \u00f8nsker overblik over, hvilke planter der allerede gror i haven og hvordan du kan passe dem bedst muligt?<br>Jeg tilbyder professionel gennemgang og identifikation af havens eksisterende planteliv.<br><br>Du f\u00e5r klarhed over beplantningens art, tilstand og potentiale samt r\u00e5dgivning om pleje, bevaring og eventuel fornyelse. P\u00e5 den m\u00e5de kan du tr\u00e6ffe velinformerede beslutninger og udvikle haven med respekt for det, der allerede gror \u2013 og med et sikkert fagligt fundament for fremtidige \u00e6ndringer.<\/p>\n<\/div><\/div>\n<\/div><\/div>\n","protected":false},"excerpt":{"rendered":"<p>Dr\u00f8mmehaven \u2013 fra id\u00e9 til virkelighed Florhave Design hj\u00e6lper dig med at designe og realisere din dr\u00f8mmehave \u2013 uanset om du st\u00e5r overfor at skulle anl\u00e6gge en helt ny have eller \u00f8nsker at forny og optimere en eksisterende. Med et professionelt og kreativt blik oms\u00e6ttes dine \u00f8nsker og behov til en gennemt\u00e6nkt havel\u00f8sning, hvor funktion, [&hellip;]<\/p>\n","protected":false},"author":1,"featured_media":0,"parent":0,"menu_order":0,"comment_status":"closed","ping_status":"closed","template":"","meta":{"footnotes":""},"class_list":["post-28","page","type-page","status-publish","hentry"],"_links":{"self":[{"href":"https:\/\/florhavedesign.dk\/index.php?rest_route=\/wp\/v2\/pages\/28","targetHints":{"allow":["GET"]}}],"collection":[{"href":"https:\/\/florhavedesign.dk\/index.php?rest_route=\/wp\/v2\/pages"}],"about":[{"href":"https:\/\/florhavedesign.dk\/index.php?rest_route=\/wp\/v2\/types\/page"}],"author":[{"embeddable":true,"href":"https:\/\/florhavedesign.dk\/index.php?rest_route=\/wp\/v2\/users\/1"}],"replies":[{"embeddable":true,"href":"https:\/\/florhavedesign.dk\/index.php?rest_route=%2Fwp%2Fv2%2Fcomments&post=28"}],"version-history":[{"count":12,"href":"https:\/\/florhavedesign.dk\/index.php?rest_route=\/wp\/v2\/pages\/28\/revisions"}],"predecessor-version":[{"id":315,"href":"https:\/\/florhavedesign.dk\/index.php?rest_route=\/wp\/v2\/pages\/28\/revisions\/315"}],"wp:attachment":[{"href":"https:\/\/florhavedesign.dk\/index.php?rest_route=%2Fwp%2Fv2%2Fmedia&parent=28"}],"curies":[{"name":"wp","href":"https:\/\/api.w.org\/{rel}","templated":true}]}}